{"id":33,"date":"2022-10-28T13:05:44","date_gmt":"2022-10-28T10:05:44","guid":{"rendered":"https:\/\/kevyesti.fi\/?page_id=33"},"modified":"2023-11-17T18:15:02","modified_gmt":"2023-11-17T16:15:02","slug":"evastekaytanto","status":"publish","type":"page","link":"https:\/\/kevyesti.fi\/en\/evastekaytanto\/","title":{"rendered":"Cookie policy"},"content":{"rendered":"<style>.wp-block-kadence-advancedheading.kt-adv-heading_f418a1-74, .wp-block-kadence-advancedheading.kt-adv-heading_f418a1-74[data-kb-block=\"kb-adv-heading_f418a1-74\"]{font-style:normal;}.wp-block-kadence-advancedheading.kt-adv-heading_f418a1-74 mark.kt-highlight, .wp-block-kadence-advancedheading.kt-adv-heading_f418a1-74[data-kb-block=\"kb-adv-heading_f418a1-74\"] mark.kt-highlight{font-style:normal;color:#f76a0c;-webkit-box-decoration-break:clone;box-decoration-break:clone;padding-top:0px;padding-right:0px;padding-bottom:0px;padding-left:0px;}.wp-block-kadence-advancedheading.kt-adv-heading_f418a1-74 img.kb-inline-image, .wp-block-kadence-advancedheading.kt-adv-heading_f418a1-74[data-kb-block=\"kb-adv-heading_f418a1-74\"] img.kb-inline-image{width:150px;vertical-align:baseline;}<\/style>\n<h1 class=\"kt-adv-heading_f418a1-74 wp-block-kadence-advancedheading\" data-kb-block=\"kb-adv-heading_f418a1-74\">Ev\u00e4stek\u00e4yt\u00e4nt\u00f6<\/h1>\n\n\n<style>.wp-block-kadence-advancedheading.kt-adv-heading_6cddf0-14, .wp-block-kadence-advancedheading.kt-adv-heading_6cddf0-14[data-kb-block=\"kb-adv-heading_6cddf0-14\"]{font-style:normal;}.wp-block-kadence-advancedheading.kt-adv-heading_6cddf0-14 mark.kt-highlight, .wp-block-kadence-advancedheading.kt-adv-heading_6cddf0-14[data-kb-block=\"kb-adv-heading_6cddf0-14\"] mark.kt-highlight{font-style:normal;color:#f76a0c;-webkit-box-decoration-break:clone;box-decoration-break:clone;padding-top:0px;padding-right:0px;padding-bottom:0px;padding-left:0px;}.wp-block-kadence-advancedheading.kt-adv-heading_6cddf0-14 img.kb-inline-image, .wp-block-kadence-advancedheading.kt-adv-heading_6cddf0-14[data-kb-block=\"kb-adv-heading_6cddf0-14\"] img.kb-inline-image{width:150px;vertical-align:baseline;}<\/style>\n<h2 class=\"kt-adv-heading_6cddf0-14 wp-block-kadence-advancedheading\" data-kb-block=\"kb-adv-heading_6cddf0-14\">Tietoja t\u00e4st\u00e4 ev\u00e4stek\u00e4yt\u00e4nn\u00f6st\u00e4<\/h2>\n\n\n\n<p>T\u00e4m\u00e4 ev\u00e4stek\u00e4yt\u00e4nt\u00f6 selitt\u00e4\u00e4, mit\u00e4 ev\u00e4steet ovat ja kuinka k\u00e4yt\u00e4mme niit\u00e4, mink\u00e4 tyyppisi\u00e4 ev\u00e4steit\u00e4 k\u00e4yt\u00e4mme eli mit\u00e4 tietoja ker\u00e4\u00e4mme ev\u00e4steiden avulla ja kuinka n\u00e4it\u00e4 tietoja k\u00e4ytet\u00e4\u00e4n sek\u00e4 kuinka hallita ev\u00e4steasetuksia. Lis\u00e4tietoja siit\u00e4, kuinka k\u00e4yt\u00e4mme, s\u00e4ilyt\u00e4mme ja suojaamme henkil\u00f6tietojasi, on tietosuojak\u00e4yt\u00e4nn\u00f6ss\u00e4mme.<\/p>\n\n\n\n<p>Voit milloin tahansa muuttaa tai peruuttaa suostumuksesi ev\u00e4steisiin verkkosivustollamme sivuston vasemmassa alaosassa olevasta ikonista.<\/p>\n\n\n\n<p>Lis\u00e4tietoja siit\u00e4, keit\u00e4 me olemme, kuinka voit ottaa meihin yhteytt\u00e4 ja kuinka k\u00e4sittelemme henkil\u00f6tietojannee l\u00f6yd\u00e4t tietosuojak\u00e4yt\u00e4nn\u00f6st\u00e4mme.<\/p>\n\n\n\n<p>Suostumuksesi koskee seuraavia verkkotunnuksia: https:\/\/kevyesti.fi\/en<\/p>\n\n\n<style>.wp-block-kadence-advancedheading.kt-adv-heading_14f634-96, .wp-block-kadence-advancedheading.kt-adv-heading_14f634-96[data-kb-block=\"kb-adv-heading_14f634-96\"]{font-style:normal;}.wp-block-kadence-advancedheading.kt-adv-heading_14f634-96 mark.kt-highlight, .wp-block-kadence-advancedheading.kt-adv-heading_14f634-96[data-kb-block=\"kb-adv-heading_14f634-96\"] mark.kt-highlight{font-style:normal;color:#f76a0c;-webkit-box-decoration-break:clone;box-decoration-break:clone;padding-top:0px;padding-right:0px;padding-bottom:0px;padding-left:0px;}.wp-block-kadence-advancedheading.kt-adv-heading_14f634-96 img.kb-inline-image, .wp-block-kadence-advancedheading.kt-adv-heading_14f634-96[data-kb-block=\"kb-adv-heading_14f634-96\"] img.kb-inline-image{width:150px;vertical-align:baseline;}<\/style>\n<h2 class=\"kt-adv-heading_14f634-96 wp-block-kadence-advancedheading\" data-kb-block=\"kb-adv-heading_14f634-96\">Mit\u00e4 ev\u00e4steet ovat?<\/h2>\n\n\n\n<p>Ev\u00e4steet ovat pieni\u00e4 tekstitiedostoja, joita k\u00e4ytet\u00e4\u00e4n pienten tietojen tallentamiseen. Ne tallennetaan laitteellesi, kun verkkosivusto ladataan selaimeesi. N\u00e4m\u00e4 ev\u00e4steet auttavat meit\u00e4 saamaan verkkosivuston toimimaan oikein, tekem\u00e4\u00e4n siit\u00e4 turvallisemman, tarjoamaan paremman k\u00e4ytt\u00f6kokemuksen ja ymm\u00e4rt\u00e4m\u00e4\u00e4n, miten verkkosivusto toimii, sek\u00e4 analysoimaan, mik\u00e4 toimii ja miss\u00e4 sit\u00e4 on parannettava.<\/p>\n\n\n<style>.wp-block-kadence-advancedheading.kt-adv-heading_01b0a5-2d, .wp-block-kadence-advancedheading.kt-adv-heading_01b0a5-2d[data-kb-block=\"kb-adv-heading_01b0a5-2d\"]{font-style:normal;}.wp-block-kadence-advancedheading.kt-adv-heading_01b0a5-2d mark.kt-highlight, .wp-block-kadence-advancedheading.kt-adv-heading_01b0a5-2d[data-kb-block=\"kb-adv-heading_01b0a5-2d\"] mark.kt-highlight{font-style:normal;color:#f76a0c;-webkit-box-decoration-break:clone;box-decoration-break:clone;padding-top:0px;padding-right:0px;padding-bottom:0px;padding-left:0px;}.wp-block-kadence-advancedheading.kt-adv-heading_01b0a5-2d img.kb-inline-image, .wp-block-kadence-advancedheading.kt-adv-heading_01b0a5-2d[data-kb-block=\"kb-adv-heading_01b0a5-2d\"] img.kb-inline-image{width:150px;vertical-align:baseline;}<\/style>\n<h2 class=\"kt-adv-heading_01b0a5-2d wp-block-kadence-advancedheading\" data-kb-block=\"kb-adv-heading_01b0a5-2d\">Kuinka k\u00e4yt\u00e4mme ev\u00e4steit\u00e4?<\/h2>\n\n\n\n<p>Kuten suurin osa verkkopalveluista, verkkosivustomme k\u00e4ytt\u00e4\u00e4 ensimm\u00e4isen ja kolmannen osapuolen ev\u00e4steit\u00e4 useisiin tarkoituksiin. Ensimm\u00e4isen osapuolen ev\u00e4steet ovat enimm\u00e4kseen v\u00e4ltt\u00e4m\u00e4tt\u00f6mi\u00e4 verkkosivuston toimimiseksi oikein, eiv\u00e4tk\u00e4 ne ker\u00e4\u00e4 henkil\u00f6kohtaisia \u200b\u200btunnistetietojasi.<\/p>\n\n\n\n<p>Sivustollamme k\u00e4ytetyt kolmannen osapuolen ev\u00e4steet ovat tarkoitettu p\u00e4\u00e4asiassa ymm\u00e4rt\u00e4m\u00e4\u00e4n, kuinka verkkosivusto toimii, kuinka olet vuorovaikutuksessa verkkosivustomme kanssa, pit\u00e4m\u00e4\u00e4n palvelumme turvassa, tarjoamaan sinulle osuvia mainoksia ja kaiken kaikkiaan tarjoamaan sinulle paremman k\u00e4ytt\u00f6kokemuksen sek\u00e4 nopeuttamaan tulevaa vuorovaikutustasi verkkosivustomme kanssa.<\/p>\n\n\n<style>.wp-block-kadence-advancedheading.kt-adv-heading_57742c-4d, .wp-block-kadence-advancedheading.kt-adv-heading_57742c-4d[data-kb-block=\"kb-adv-heading_57742c-4d\"]{font-style:normal;}.wp-block-kadence-advancedheading.kt-adv-heading_57742c-4d mark.kt-highlight, .wp-block-kadence-advancedheading.kt-adv-heading_57742c-4d[data-kb-block=\"kb-adv-heading_57742c-4d\"] mark.kt-highlight{font-style:normal;color:#f76a0c;-webkit-box-decoration-break:clone;box-decoration-break:clone;padding-top:0px;padding-right:0px;padding-bottom:0px;padding-left:0px;}.wp-block-kadence-advancedheading.kt-adv-heading_57742c-4d img.kb-inline-image, .wp-block-kadence-advancedheading.kt-adv-heading_57742c-4d[data-kb-block=\"kb-adv-heading_57742c-4d\"] img.kb-inline-image{width:150px;vertical-align:baseline;}<\/style>\n<h2 class=\"kt-adv-heading_57742c-4d wp-block-kadence-advancedheading\" data-kb-block=\"kb-adv-heading_57742c-4d\">Millaisia \u200b\u200bev\u00e4steit\u00e4 k\u00e4yt\u00e4mme?<\/h2>\n\n\n\n<p>V\u00e4ltt\u00e4m\u00e4tt\u00f6m\u00e4t: Jotkut ev\u00e4steet ovat v\u00e4ltt\u00e4m\u00e4tt\u00f6mi\u00e4, jotta voit kokea sivustomme t\u00e4yden toiminnan. Niiden avulla voimme yll\u00e4pit\u00e4\u00e4 k\u00e4ytt\u00e4j\u00e4istuntoja ja est\u00e4\u00e4 kaikki tietoturvauhat. He eiv\u00e4t ker\u00e4\u00e4 tai tallenna henkil\u00f6kohtaisia \u200b\u200btietoja. N\u00e4iden ev\u00e4steiden avulla voit esimerkiksi kirjautua sis\u00e4\u00e4n tilillesi ja lis\u00e4t\u00e4 tuotteita ostoskoriin ja tehd\u00e4 kassan turvallisesti.<\/p>\n\n\n\n<p>Tilastot: N\u00e4m\u00e4 ev\u00e4steet tallentavat tietoja, kuten verkkosivuston k\u00e4vij\u00f6iden m\u00e4\u00e4r\u00e4, yksitt\u00e4isten vierailijoiden m\u00e4\u00e4r\u00e4, mill\u00e4 verkkosivuston sivuilla on vierailtu, k\u00e4ynnin l\u00e4hde jne. N\u00e4m\u00e4 tiedot auttavat meit\u00e4 ymm\u00e4rt\u00e4m\u00e4\u00e4n ja analysoimaan, kuinka hyvin verkkosivusto toimii ja miss\u00e4 se vaatii parantamista.<\/p>\n\n\n\n<p>Markkinointi: Sivustomme n\u00e4ytt\u00e4\u00e4 mainoksia. N\u00e4it\u00e4 ev\u00e4steit\u00e4 k\u00e4ytet\u00e4\u00e4n sinulle n\u00e4ytt\u00e4miemme mainosten personointiin, jotta ne ovat sinulle merkityksellisi\u00e4. N\u00e4m\u00e4 ev\u00e4steet auttavat meit\u00e4 my\u00f6s seuraamaan n\u00e4iden mainoskampanjoiden tehokkuutta. Kolmannen osapuolen mainosten tarjoajat voivat my\u00f6s k\u00e4ytt\u00e4\u00e4 n\u00e4ihin ev\u00e4steisiin tallennettuja tietoja n\u00e4ytt\u00e4\u00e4kseen sinulle mainoksia my\u00f6s muilla selaimen verkkosivustoilla.<\/p>\n\n\n\n<p>Toiminnalliset: N\u00e4m\u00e4 ovat ev\u00e4steit\u00e4, jotka auttavat tiettyj\u00e4 ei-olennaisia \u200b\u200btoimintoja verkkosivustollamme. N\u00e4it\u00e4 toimintoja ovat sis\u00e4ll\u00f6n, kuten videoiden upottaminen tai verkkosivuston sis\u00e4ll\u00f6n jakaminen sosiaalisen median alustoilla.<\/p>\n\n\n\n<p>Ev\u00e4ste asetukset: N\u00e4m\u00e4 ev\u00e4steet auttavat meit\u00e4 tallentamaan asetuksesi ja selausasetuksesi, kuten kieliasetuksesi, jotta sinulla on parempi ja tehokkaampi kokemus tulevista vierailuistasi verkkosivustolla.<\/p>\n\n\n<style>.wp-block-kadence-advancedheading.kt-adv-heading_213186-60, .wp-block-kadence-advancedheading.kt-adv-heading_213186-60[data-kb-block=\"kb-adv-heading_213186-60\"]{font-style:normal;}.wp-block-kadence-advancedheading.kt-adv-heading_213186-60 mark.kt-highlight, .wp-block-kadence-advancedheading.kt-adv-heading_213186-60[data-kb-block=\"kb-adv-heading_213186-60\"] mark.kt-highlight{font-style:normal;color:#f76a0c;-webkit-box-decoration-break:clone;box-decoration-break:clone;padding-top:0px;padding-right:0px;padding-bottom:0px;padding-left:0px;}.wp-block-kadence-advancedheading.kt-adv-heading_213186-60 img.kb-inline-image, .wp-block-kadence-advancedheading.kt-adv-heading_213186-60[data-kb-block=\"kb-adv-heading_213186-60\"] img.kb-inline-image{width:150px;vertical-align:baseline;}<\/style>\n<h2 class=\"kt-adv-heading_213186-60 wp-block-kadence-advancedheading\" data-kb-block=\"kb-adv-heading_213186-60\">Kuinka voin hallita ev\u00e4steasetuksia?<\/h2>\n\n\n\n<p>Jos p\u00e4\u00e4t\u00e4t muuttaa asetuksiasi my\u00f6hemmin selausistunnon aikana, voit napsauttaa vasemmassa alakulmassa olevaa ikonia. T\u00e4m\u00e4 n\u00e4ytt\u00e4\u00e4 j\u00e4lleen suostumusilmoituksen, jonka avulla voit muuttaa asetuksiasi tai peruuttaa suostumuksesi kokonaan.<\/p>\n\n\n\n<p>T\u00e4m\u00e4n lis\u00e4ksi eri selaimet tarjoavat erilaisia \u200b\u200btapoja est\u00e4\u00e4 ja poistaa verkkosivustojen k\u00e4ytt\u00e4mi\u00e4 ev\u00e4steit\u00e4. Voit muuttaa selaimesi asetuksia est\u00e4\u00e4ksesi \/ poistaaksesi ev\u00e4steet. Lis\u00e4tietoja ev\u00e4steiden hallinnasta ja poistamisesta on osoitteessa wikipedia.org, www.allaboutcookies.org.<\/p>\n","protected":false},"excerpt":{"rendered":"<p>Cookie Policy About this Cookie Policy This Cookie Policy explains what cookies are and how we use them, the types of cookies we use, i.e. what information we collect through cookies and how this information is used, and how to manage your cookie settings. For more information about how we use, store and protect your personal information, please see our Privacy Policy. You can change or withdraw your consent to cookies at any time on our website at the bottom left of the page...<\/p>","protected":false},"author":1,"featured_media":0,"parent":0,"menu_order":8,"comment_status":"closed","ping_status":"closed","template":"","meta":{"_kad_blocks_custom_css":"","_kad_blocks_head_custom_js":"","_kad_blocks_body_custom_js":"","_kad_blocks_footer_custom_js":"","_kad_post_transparent":"","_kad_post_title":"","_kad_post_layout":"narrow","_kad_post_sidebar_id":"","_kad_post_content_style":"unboxed","_kad_post_vertical_padding":"show","_kad_post_feature":"","_kad_post_feature_position":"","_kad_post_header":false,"_kad_post_footer":false,"_kad_post_classname":"","footnotes":""},"class_list":["post-33","page","type-page","status-publish","hentry"],"taxonomy_info":[],"featured_image_src_large":false,"author_info":{"display_name":"Helpot Kotisivut","author_link":"https:\/\/kevyesti.fi\/en\/artikkelit\/author\/bi-helpot\/"},"comment_info":0,"_links":{"self":[{"href":"https:\/\/kevyesti.fi\/en\/wp-json\/wp\/v2\/pages\/33","targetHints":{"allow":["GET"]}}],"collection":[{"href":"https:\/\/kevyesti.fi\/en\/wp-json\/wp\/v2\/pages"}],"about":[{"href":"https:\/\/kevyesti.fi\/en\/wp-json\/wp\/v2\/types\/page"}],"author":[{"embeddable":true,"href":"https:\/\/kevyesti.fi\/en\/wp-json\/wp\/v2\/users\/1"}],"replies":[{"embeddable":true,"href":"https:\/\/kevyesti.fi\/en\/wp-json\/wp\/v2\/comments?post=33"}],"version-history":[{"count":0,"href":"https:\/\/kevyesti.fi\/en\/wp-json\/wp\/v2\/pages\/33\/revisions"}],"wp:attachment":[{"href":"https:\/\/kevyesti.fi\/en\/wp-json\/wp\/v2\/media?parent=33"}],"curies":[{"name":"wp","href":"https:\/\/api.w.org\/{rel}","templated":true}]}}