{"id":1294,"date":"2023-12-07T13:23:18","date_gmt":"2023-12-07T11:23:18","guid":{"rendered":"https:\/\/kevyesti.fi\/?page_id=1294"},"modified":"2025-05-26T16:28:42","modified_gmt":"2025-05-26T13:28:42","slug":"request-an-offer","status":"publish","type":"page","link":"https:\/\/kevyesti.fi\/en\/pyyda-tarjous\/","title":{"rendered":"Request a quote"},"content":{"rendered":"<style>.kb-row-layout-id1294_a82240-b3 > .kt-row-column-wrap{align-content:start;}:where(.kb-row-layout-id1294_a82240-b3 > .kt-row-column-wrap) > .wp-block-kadence-column{justify-content:start;}.kb-row-layout-id1294_a82240-b3 > .kt-row-column-wrap{column-gap:var(--global-kb-gap-lg, 4rem);row-gap:var(--global-kb-gap-md, 2rem);max-width:800px;margin-left:auto;margin-right:auto;padding-top:var(--global-kb-spacing-xxl, 5rem);padding-right:var(--global-kb-spacing-md, 2rem);padding-bottom:var(--global-kb-spacing-5xl, 10rem);padding-left:var(--global-kb-spacing-md, 2rem);grid-template-columns:minmax(0, 1fr);}.kb-row-layout-id1294_a82240-b3 > .kt-row-layout-overlay{opacity:0.30;}.kb-row-layout-id1294_a82240-b3 ,.kb-row-layout-id1294_a82240-b3 h1,.kb-row-layout-id1294_a82240-b3 h2,.kb-row-layout-id1294_a82240-b3 h3,.kb-row-layout-id1294_a82240-b3 h4,.kb-row-layout-id1294_a82240-b3 h5,.kb-row-layout-id1294_a82240-b3 h6{color:var(--global-palette9, #ffffff);}.kb-row-layout-id1294_a82240-b3 .kt-row-layout-bottom-sep{height:60px;}.kb-row-layout-id1294_a82240-b3 .kt-row-layout-bottom-sep svg{width:100%;}.kb-row-layout-id1294_a82240-b3 .kt-row-layout-bottom-sep svg{fill:var(--global-palette9, #ffffff)!important;}@media all and (max-width: 1024px){.kb-row-layout-id1294_a82240-b3 > .kt-row-column-wrap{max-width:500px;margin-left:auto;margin-right:auto;padding-top:var(--global-kb-spacing-md, 2rem);padding-bottom:var(--global-kb-spacing-3xl, 6.5rem);grid-template-columns:minmax(0, 1fr);}}@media all and (max-width: 1024px){.kb-row-layout-id1294_a82240-b3 .kt-row-layout-bottom-sep{height:30px;}}@media all and (max-width: 1024px){.kb-row-layout-id1294_a82240-b3 .kt-row-layout-bottom-sep svg{width:100%;}}@media all and (max-width: 767px){.kb-row-layout-id1294_a82240-b3 > .kt-row-column-wrap{padding-top:var(--global-kb-spacing-sm, 1.5rem);padding-right:var(--global-kb-spacing-xs, 1rem);padding-bottom:var(--global-kb-spacing-xl, 4rem);padding-left:var(--global-kb-spacing-xs, 1rem);grid-template-columns:minmax(0, 1fr);}.kb-row-layout-id1294_a82240-b3 .kt-row-layout-bottom-sep{height:20px;}.kb-row-layout-id1294_a82240-b3 .kt-row-layout-bottom-sep svg{width:100%;}}<\/style><section class=\"kb-row-layout-wrap kb-row-layout-id1294_a82240-b3 alignnone has-theme-palette3-background-color kt-row-has-bg wp-block-kadence-rowlayout\"><div class=\"kt-row-layout-bottom-sep kt-row-sep-type-wavei\"><svg viewBox=\"0 0 1000 100\" preserveAspectRatio=\"none\"><path d=\"M0,40c0,0 120.077,-38.076 250,-38c129.923,0.076 345.105,78 500,78c154.895,0 250,-30 250,-30l0,50l-1000,0l0,-60Z\" \/><\/svg><\/div><div class=\"kt-row-column-wrap kt-has-1-columns kt-row-layout-equal kt-tab-layout-inherit kt-mobile-layout-row kt-row-valign-top\">\n<style>.kadence-column1294_7a842d-98 > .kt-inside-inner-col,.kadence-column1294_7a842d-98 > .kt-inside-inner-col:before{border-top-left-radius:0px;border-top-right-radius:0px;border-bottom-right-radius:0px;border-bottom-left-radius:0px;}.kadence-column1294_7a842d-98 > .kt-inside-inner-col{column-gap:var(--global-kb-gap-sm, 1rem);}.kadence-column1294_7a842d-98 > .kt-inside-inner-col{flex-direction:column;}.kadence-column1294_7a842d-98 > .kt-inside-inner-col > .aligncenter{width:100%;}.kadence-column1294_7a842d-98 > .kt-inside-inner-col:before{opacity:0.3;}.kadence-column1294_7a842d-98{position:relative;}@media all and (max-width: 1024px){.kadence-column1294_7a842d-98 > .kt-inside-inner-col{flex-direction:column;justify-content:center;}}@media all and (max-width: 767px){.kadence-column1294_7a842d-98 > .kt-inside-inner-col{flex-direction:column;justify-content:center;}}<\/style>\n<div class=\"wp-block-kadence-column kadence-column1294_7a842d-98\"><div class=\"kt-inside-inner-col\">\n<h1 class=\"wp-block-heading has-text-align-center\" style=\"font-size:31px\"><mark style=\"background-color:rgba(0, 0, 0, 0)\" class=\"has-inline-color has-theme-palette-1-color\">Kevytyritt\u00e4j\u00e4<\/mark> &#8211; Pyyd\u00e4 tarjous helposti!<\/h1>\n\n\n<style>.wp-block-kadence-advancedheading.kt-adv-heading1294_7c104e-9d, .wp-block-kadence-advancedheading.kt-adv-heading1294_7c104e-9d[data-kb-block=\"kb-adv-heading1294_7c104e-9d\"]{padding-top:0rem;padding-right:0rem;padding-bottom:0rem;padding-left:0rem;margin-top:var(--global-kb-spacing-md, 2rem);margin-right:0rem;margin-bottom:0rem;margin-left:0rem;text-align:center;font-size:1.8rem;font-weight:bold;font-style:normal;}.wp-block-kadence-advancedheading.kt-adv-heading1294_7c104e-9d mark.kt-highlight, .wp-block-kadence-advancedheading.kt-adv-heading1294_7c104e-9d[data-kb-block=\"kb-adv-heading1294_7c104e-9d\"] mark.kt-highlight{font-style:normal;color:var(--global-palette1, #3182CE);-webkit-box-decoration-break:clone;box-decoration-break:clone;}.wp-block-kadence-advancedheading.kt-adv-heading1294_7c104e-9d img.kb-inline-image, .wp-block-kadence-advancedheading.kt-adv-heading1294_7c104e-9d[data-kb-block=\"kb-adv-heading1294_7c104e-9d\"] img.kb-inline-image{width:150px;vertical-align:baseline;}@media all and (max-width: 1024px){.wp-block-kadence-advancedheading.kt-adv-heading1294_7c104e-9d, .wp-block-kadence-advancedheading.kt-adv-heading1294_7c104e-9d[data-kb-block=\"kb-adv-heading1294_7c104e-9d\"]{font-size:1.6rem;}}<\/style>\n<p class=\"kt-adv-heading1294_7c104e-9d wp-block-kadence-advancedheading\" data-kb-block=\"kb-adv-heading1294_7c104e-9d\">Asiakaspalvelu (ma-pe 9-17)<\/p>\n\n\n<style>.wp-block-kadence-advancedheading.kt-adv-heading1294_f790dc-4c, .wp-block-kadence-advancedheading.kt-adv-heading1294_f790dc-4c[data-kb-block=\"kb-adv-heading1294_f790dc-4c\"]{padding-top:0rem;padding-right:0rem;padding-bottom:0rem;padding-left:0rem;margin-top:var(--global-kb-spacing-xxs, 0.5rem);margin-right:0rem;margin-bottom:0rem;margin-left:0rem;text-align:center;font-size:1.5rem;font-weight:bold;font-style:normal;}.wp-block-kadence-advancedheading.kt-adv-heading1294_f790dc-4c mark.kt-highlight, .wp-block-kadence-advancedheading.kt-adv-heading1294_f790dc-4c[data-kb-block=\"kb-adv-heading1294_f790dc-4c\"] mark.kt-highlight{font-style:normal;color:var(--global-palette1, #3182CE);-webkit-box-decoration-break:clone;box-decoration-break:clone;}.wp-block-kadence-advancedheading.kt-adv-heading1294_f790dc-4c img.kb-inline-image, .wp-block-kadence-advancedheading.kt-adv-heading1294_f790dc-4c[data-kb-block=\"kb-adv-heading1294_f790dc-4c\"] img.kb-inline-image{width:150px;vertical-align:baseline;}@media all and (max-width: 1024px){.wp-block-kadence-advancedheading.kt-adv-heading1294_f790dc-4c, .wp-block-kadence-advancedheading.kt-adv-heading1294_f790dc-4c[data-kb-block=\"kb-adv-heading1294_f790dc-4c\"]{font-size:1.3rem;}}<\/style>\n<a href=\"mailto:asiakaspalvelu@kevyesti.fi\" class=\"kb-advanced-heading-link kt-adv-heading-link1294_f790dc-4c\"><p class=\"kt-adv-heading1294_f790dc-4c wp-block-kadence-advancedheading\" data-kb-block=\"kb-adv-heading1294_f790dc-4c\">asiakaspalvelu@kevyesti.fi<\/p><\/a>\n\n\n<style>.wp-block-kadence-advancedheading.kt-adv-heading1294_481983-aa, .wp-block-kadence-advancedheading.kt-adv-heading1294_481983-aa[data-kb-block=\"kb-adv-heading1294_481983-aa\"]{padding-top:0rem;padding-right:0rem;padding-bottom:0rem;padding-left:0rem;margin-top:0rem;margin-right:0rem;margin-bottom:0rem;margin-left:0rem;text-align:center;font-size:1.5rem;font-weight:bold;font-style:normal;}.wp-block-kadence-advancedheading.kt-adv-heading1294_481983-aa mark.kt-highlight, .wp-block-kadence-advancedheading.kt-adv-heading1294_481983-aa[data-kb-block=\"kb-adv-heading1294_481983-aa\"] mark.kt-highlight{font-style:normal;color:var(--global-palette1, #3182CE);-webkit-box-decoration-break:clone;box-decoration-break:clone;}.wp-block-kadence-advancedheading.kt-adv-heading1294_481983-aa img.kb-inline-image, .wp-block-kadence-advancedheading.kt-adv-heading1294_481983-aa[data-kb-block=\"kb-adv-heading1294_481983-aa\"] img.kb-inline-image{width:150px;vertical-align:baseline;}@media all and (max-width: 1024px){.wp-block-kadence-advancedheading.kt-adv-heading1294_481983-aa, .wp-block-kadence-advancedheading.kt-adv-heading1294_481983-aa[data-kb-block=\"kb-adv-heading1294_481983-aa\"]{font-size:1.3rem;}}<\/style>\n<a href=\"mailto:info@kevyesti.fi\" class=\"kb-advanced-heading-link kt-adv-heading-link1294_481983-aa\"><p class=\"kt-adv-heading1294_481983-aa wp-block-kadence-advancedheading\" data-kb-block=\"kb-adv-heading1294_481983-aa\">041 311 2189<\/p><\/a>\n<\/div><\/div>\n\n<\/div><\/section>\n\n<style>.kb-row-layout-id1294_1c45b2-07 > .kt-row-column-wrap{align-content:start;}:where(.kb-row-layout-id1294_1c45b2-07 > .kt-row-column-wrap) > .wp-block-kadence-column{justify-content:start;}.kb-row-layout-id1294_1c45b2-07 > .kt-row-column-wrap{column-gap:var(--global-kb-gap-lg, 4rem);row-gap:var(--global-kb-gap-md, 2rem);max-width:700px;margin-left:auto;margin-right:auto;padding-right:var(--global-kb-spacing-md, 2rem);padding-bottom:var(--global-kb-spacing-xxl, 5rem);padding-left:var(--global-kb-spacing-md, 2rem);grid-template-columns:minmax(0, 1fr);}.kb-row-layout-id1294_1c45b2-07 > .kt-row-layout-overlay{opacity:0.30;}.kb-row-layout-id1294_1c45b2-07 .kt-row-layout-bottom-sep{height:50px;}.kb-row-layout-id1294_1c45b2-07 .kt-row-layout-bottom-sep svg{width:100%;}.kb-row-layout-id1294_1c45b2-07 .kt-row-layout-bottom-sep svg{fill:#ffffff!important;}.kb-row-layout-id1294_1c45b2-07 .kt-row-layout-top-sep{height:50px;}.kb-row-layout-id1294_1c45b2-07 .kt-row-layout-top-sep svg{width:100%;}.kb-row-layout-id1294_1c45b2-07 .kt-row-layout-top-sep svg{fill:var(--global-palette3, #1A202C)!important;}@media all and (max-width: 1024px){.kb-row-layout-id1294_1c45b2-07 > .kt-row-column-wrap{padding-top:0rem;padding-bottom:var(--global-kb-spacing-md, 2rem);grid-template-columns:minmax(0, 1fr);}}@media all and (max-width: 1024px){.kb-row-layout-id1294_1c45b2-07 .kt-row-layout-bottom-sep{height:px;}}@media all and (max-width: 1024px){.kb-row-layout-id1294_1c45b2-07 .kt-row-layout-bottom-sep svg{width:%;}}@media all and (max-width: 767px){.kb-row-layout-id1294_1c45b2-07 > .kt-row-column-wrap{padding-right:var(--global-kb-spacing-xs, 1rem);padding-bottom:0rem;padding-left:var(--global-kb-spacing-xs, 1rem);grid-template-columns:minmax(0, 1fr);}.kb-row-layout-id1294_1c45b2-07 .kt-row-layout-bottom-sep{height:px;}.kb-row-layout-id1294_1c45b2-07 .kt-row-layout-bottom-sep svg{width:%;}}<\/style><section class=\"kb-row-layout-wrap kb-row-layout-id1294_1c45b2-07 alignnone wp-block-kadence-rowlayout\"><div class=\"kt-row-column-wrap kt-has-1-columns kt-row-layout-equal kt-tab-layout-inherit kt-mobile-layout-row kt-row-valign-top\">\n<style>.kadence-column1294_2a9946-b2 > .kt-inside-inner-col{padding-top:var(--global-kb-spacing-lg, 3rem);padding-right:var(--global-kb-spacing-lg, 3rem);padding-bottom:var(--global-kb-spacing-md, 2rem);padding-left:var(--global-kb-spacing-lg, 3rem);}.kadence-column1294_2a9946-b2 > .kt-inside-inner-col,.kadence-column1294_2a9946-b2 > .kt-inside-inner-col:before{border-top-left-radius:30px;border-top-right-radius:30px;border-bottom-right-radius:30px;border-bottom-left-radius:30px;}.kadence-column1294_2a9946-b2 > .kt-inside-inner-col{column-gap:1.4rem;}.kadence-column1294_2a9946-b2 > .kt-inside-inner-col{flex-direction:column;}.kadence-column1294_2a9946-b2 > .kt-inside-inner-col > .aligncenter{width:100%;}.kadence-column1294_2a9946-b2 > .kt-inside-inner-col{background-color:var(--global-palette7, #EDF2F7);}.kadence-column1294_2a9946-b2 > .kt-inside-inner-col:before{opacity:0.3;}.kadence-column1294_2a9946-b2{position:relative;}.kadence-column1294_2a9946-b2, .kt-inside-inner-col > .kadence-column1294_2a9946-b2:not(.specificity){margin-top:-6rem;}@media all and (max-width: 1024px){.kadence-column1294_2a9946-b2 > .kt-inside-inner-col{padding-top:var(--global-kb-spacing-md, 2rem);padding-right:var(--global-kb-spacing-md, 2rem);padding-bottom:var(--global-kb-spacing-sm, 1.5rem);padding-left:var(--global-kb-spacing-md, 2rem);flex-direction:column;justify-content:center;}}@media all and (max-width: 1024px){.kadence-column1294_2a9946-b2, .kt-inside-inner-col > .kadence-column1294_2a9946-b2:not(.specificity){margin-top:-4rem;}}@media all and (max-width: 767px){.kadence-column1294_2a9946-b2 > .kt-inside-inner-col{padding-right:var(--global-kb-spacing-xs, 1rem);padding-left:var(--global-kb-spacing-xs, 1rem);flex-direction:column;justify-content:center;}.kadence-column1294_2a9946-b2 > .kt-inside-inner-col,.kadence-column1294_2a9946-b2 > .kt-inside-inner-col:before{border-top-left-radius:0px;border-top-right-radius:0px;border-bottom-right-radius:0px;border-bottom-left-radius:0px;}.kadence-column1294_2a9946-b2, .kt-inside-inner-col > .kadence-column1294_2a9946-b2:not(.specificity){margin-top:-2rem;margin-right:-1rem;margin-bottom:0rem;margin-left:-1rem;}}<\/style>\n<div class=\"wp-block-kadence-column kadence-column1294_2a9946-b2 kb-section-dir-vertical\"><div class=\"kt-inside-inner-col\">\n<h2 class=\"wp-block-heading\">T\u00e4yt\u00e4 yhteydenottolomake ja pyyd\u00e4 tarjous!<\/h2>\n\n\n<div class='fluentform ff-default fluentform_wrapper_10  ff_guten_block ff_guten_block-10 ffs_default_wrap'><form data-form_id=\"10\" id=\"fluentform_10\" class=\"frm-fluent-form fluent_form_10 ff-el-form-top ff_form_instance_10_1 ff-form-loading ffs_default\" data-form_instance=\"ff_form_instance_10_1\" method=\"POST\" ><fieldset  style=\"border: none!important;margin: 0!important;padding: 0!important;background-color: transparent!important;box-shadow: none!important;outline: none!important; min-inline-size: 100%;\">\n                    <legend class=\"ff_screen_reader_title\" style=\"display: block; margin: 0!important;padding: 0!important;height: 0!important;text-indent: -999999px;width: 0!important;overflow:hidden;\">Pyyd\u00e4 tarjous palvelumaksusta<\/legend>        <div\n                style=\"display: none!important; position: absolute!important; transform: translateX(1000%)!important;\"\n                class=\"ff-el-group ff-hpsf-container\"\n        >\n            <div class=\"ff-el-input--label asterisk-right\">\n                <label for=\"ff_10_item_sf\" aria-label=\"Subscribe\">\n                    Subscribe                <\/label>\n            <\/div>\n            <div class=\"ff-el-input--content\">\n                <input type=\"text\"\n                       name=\"item_10__fluent_sf\"\n                       class=\"ff-el-form-control\"\n                       id=\"ff_10_item_sf\"\n                \/>\n            <\/div>\n        <\/div>\n        <input type='hidden' name='__fluent_form_embded_post_id' value='1294' \/><input type=\"hidden\" id=\"_fluentform_10_fluentformnonce\" name=\"_fluentform_10_fluentformnonce\" value=\"4d944e11e2\" \/><input type=\"hidden\" name=\"_wp_http_referer\" value=\"\/en\/wp-json\/wp\/v2\/pages\/1294\" \/><div class='ff-el-group ff-el-form-hide_label'><div class=\"ff-el-input--label ff-el-is-required asterisk-right\"><label for='ff_10_nimi' id='label_ff_10_nimi' aria-label=\"Nimi\">Nimi<\/label><\/div><div class='ff-el-input--content'><input type=\"text\" name=\"nimi\" class=\"ff-el-form-control\" placeholder=\"Etunimi *\" data-name=\"nimi\" id=\"ff_10_nimi\"  aria-invalid=\"false\" aria-required=true><\/div><\/div><div class='ff-el-group ff-el-form-hide_label'><div class=\"ff-el-input--label ff-el-is-required asterisk-right\"><label for='ff_10_nimi_1' id='label_ff_10_nimi_1' aria-label=\"Nimi\">Nimi<\/label><\/div><div class='ff-el-input--content'><input type=\"text\" name=\"nimi_1\" class=\"ff-el-form-control\" placeholder=\"Sukunimi *\" data-name=\"nimi_1\" id=\"ff_10_nimi_1\"  aria-invalid=\"false\" aria-required=true><\/div><\/div><div data-name=\"ff_cn_id_1\"  class='ff-t-container ff-column-container ff_columns_total_2 '><div class='ff-t-cell ff-t-column-1' style='flex-basis: 50%;'><div class='ff-el-group ff-el-form-hide_label'><div class=\"ff-el-input--label ff-el-is-required asterisk-right\"><label for='ff_10_sposti' id='label_ff_10_sposti' aria-label=\"S\u00e4hk\u00f6postiosoite\">S\u00e4hk\u00f6postiosoite<\/label><\/div><div class='ff-el-input--content'><input type=\"email\" name=\"sposti\" id=\"ff_10_sposti\" class=\"ff-el-form-control\" placeholder=\"S\u00e4hk\u00f6postiosoite *\" data-name=\"sposti\"  aria-invalid=\"false\" aria-required=true><\/div><\/div><\/div><div class='ff-t-cell ff-t-column-2' style='flex-basis: 50%;'><div class='ff-el-group ff-el-form-hide_label'><div class=\"ff-el-input--label ff-el-is-required asterisk-right\"><label for='ff_10_pnro' id='label_ff_10_pnro' aria-label=\"Puhelinnumero\">Puhelinnumero<\/label><\/div><div class='ff-el-input--content'><input name=\"pnro\" class=\"ff-el-form-control ff-el-phone\" type=\"tel\" placeholder=\"Puhelinnumero *\" data-name=\"pnro\" id=\"ff_10_pnro\" inputmode=\"tel\"  aria-invalid='false' aria-required=true><\/div><\/div><\/div><\/div><div class='ff-el-group  ff_list_inline'><div class=\"ff-el-input--label ff-el-is-required asterisk-right\"><label   aria-label=\"Oletko Kevyesti.fi asiakas?\">Oletko Kevyesti.fi asiakas?<\/label><\/div><div class='ff-el-input--content'><div class='ff-el-form-check ff-el-form-check-'><label class='ff-el-form-check-label' for='input_radio_1_e8568ff0ea67cfd1cc61bd49dc2e6570'><input  type=\"radio\" name=\"input_radio_1\" data-name=\"input_radio_1\" class=\"ff-el-form-check-input ff-el-form-check-radio\" value=\"Kyll\u00e4\"  id='input_radio_1_e8568ff0ea67cfd1cc61bd49dc2e6570' aria-label='Kyll\u00e4' aria-invalid='false' aria-required=true> <span>Kyll\u00e4<\/span><\/label><\/div><div class='ff-el-form-check ff-el-form-check-'><label class='ff-el-form-check-label' for='input_radio_1_8e859b6527ed742b206009129f3cf64e'><input  type=\"radio\" name=\"input_radio_1\" data-name=\"input_radio_1\" class=\"ff-el-form-check-input ff-el-form-check-radio\" value=\"En\"  id='input_radio_1_8e859b6527ed742b206009129f3cf64e' aria-label='En' aria-invalid='false' aria-required=true> <span>En<\/span><\/label><\/div><\/div><\/div><div class='ff-el-group  ff_list_inline'><div class=\"ff-el-input--label ff-el-is-required asterisk-right\"><label   aria-label=\"Mik\u00e4 kevytyyritt\u00e4jyyden muoto kiinnostaa sinua?\">Mik\u00e4 kevytyyritt\u00e4jyyden muoto kiinnostaa sinua?<\/label><\/div><div class='ff-el-input--content'><div class='ff-el-form-check ff-el-form-check-'><label class='ff-el-form-check-label' for='input_radio_b452561e24b6441e6113f7ced8bff693'><input  type=\"radio\" name=\"input_radio\" data-name=\"input_radio\" class=\"ff-el-form-check-input ff-el-form-check-radio\" value=\"Kevytyritt\u00e4j\u00e4n\u00e4 ilman Y-tunnusta\"  id='input_radio_b452561e24b6441e6113f7ced8bff693' aria-label='Kevytyritt\u00e4j\u00e4n\u00e4 ilman Y-tunnusta' aria-invalid='false' aria-required=true> <span>Kevytyritt\u00e4j\u00e4n\u00e4 ilman Y-tunnusta<\/span><\/label><\/div><div class='ff-el-form-check ff-el-form-check-'><label class='ff-el-form-check-label' for='input_radio_c35bc2d7fb30cd76f1946428fbd57d6a'><input  type=\"radio\" name=\"input_radio\" data-name=\"input_radio\" class=\"ff-el-form-check-input ff-el-form-check-radio\" value=\"Kevytyritt\u00e4j\u00e4n\u00e4 Y-tunnuksella\"  id='input_radio_c35bc2d7fb30cd76f1946428fbd57d6a' aria-label='Kevytyritt\u00e4j\u00e4n\u00e4 Y-tunnuksella' aria-invalid='false' aria-required=true> <span>Kevytyritt\u00e4j\u00e4n\u00e4 Y-tunnuksella<\/span><\/label><\/div><\/div><\/div><div class='ff-el-group ff-el-form-hide_label'><div class=\"ff-el-input--label ff-el-is-required asterisk-right\"><label for='ff_10_palvelumaksu' id='label_ff_10_palvelumaksu' aria-label=\"Toivomasi palvelumaksu\">Toivomasi palvelumaksu<\/label><\/div><div class='ff-el-input--content'><input type=\"text\" name=\"palvelumaksu\" class=\"ff-el-form-control\" placeholder=\"esim. 0\u20132,9 % tai 39 \u20ac\/kk *\" data-name=\"palvelumaksu\" id=\"ff_10_palvelumaksu\"  aria-invalid=\"false\" aria-required=true><\/div><\/div><div class='ff-el-group ff-el-form-hide_label'><div class=\"ff-el-input--label ff-el-is-required asterisk-right\"><label for='ff_10_palvelumaksu_1' id='label_ff_10_palvelumaksu_1' aria-label=\"Toivomasi palvelumaksu\">Toivomasi palvelumaksu<\/label><\/div><div class='ff-el-input--content'><input type=\"text\" name=\"palvelumaksu_1\" class=\"ff-el-form-control\" placeholder=\"esim. 2 500 \u20ac\" data-name=\"palvelumaksu_1\" id=\"ff_10_palvelumaksu_1\"  aria-invalid=\"false\" aria-required=true><\/div><\/div><div class='ff-el-group'><div class=\"ff-el-input--label asterisk-right\"><label for='ff_10_description' id='label_ff_10_description' aria-label=\"Voit kertoa tarkemmin tarpeistasi, erityistoiveistasi tai muista lis\u00e4tiedoista.\">Voit kertoa tarkemmin tarpeistasi, erityistoiveistasi tai muista lis\u00e4tiedoista.<\/label><\/div><div class='ff-el-input--content'><textarea aria-required=\"false\" aria-labelledby=\"label_ff_10_description\" name=\"description\" id=\"ff_10_description\" class=\"ff-el-form-control\" rows=\"3\" cols=\"2\" data-name=\"description\" ><\/textarea><\/div><\/div><div class='ff-el-group    ff-el-input--content'><div class='ff-el-form-check ff-el-tc'><label aria-label='Terms and Conditions: Hyv\u00e4ksyn tietojeni k\u00e4sittelemisen. * Contains 1 link. Use tab navigation to review.' class='ff-el-form-check-label ff_tc_label' for=gdpr_agreement_5c87bf60567a8876385de2e98edf1eea><span class='ff_tc_checkbox'><input type=\"checkbox\" name=\"gdpr_agreement\" class=\"ff-el-form-check-input ff_gdpr_field\" data-name=\"gdpr_agreement\" id=\"gdpr_agreement_5c87bf60567a8876385de2e98edf1eea\"  value='on' aria-invalid='false' aria-required=true><\/span> <div class='ff_t_c'>Hyv\u00e4ksyn <a rel=\"noopener\" href=\"\/tietosuojaseloste\/\" target=\"_blank\">tietojeni k\u00e4sittelemisen<\/a>. *<\/div><\/label><\/div><\/div><div class='ff-el-group ff-text-left ff_submit_btn_wrapper'><button type=\"submit\" class=\"ff-btn ff-btn-submit ff-btn-md ff_btn_no_style\"  aria-label=\"Pyyd\u00e4 tarjous\">Pyyd\u00e4 tarjous<\/button><\/div><\/fieldset><\/form><div id='fluentform_10_errors' class='ff-errors-in-stack ff_form_instance_10_1 ff-form-loading_errors ff_form_instance_10_1_errors'><\/div><\/div>            <script type=\"text\/javascript\">\n                window.fluent_form_ff_form_instance_10_1 = {\"id\":\"10\",\"ajaxUrl\":\"https:\\\/\\\/kevyesti.fi\\\/wp-admin\\\/admin-ajax.php\",\"settings\":{\"layout\":{\"labelPlacement\":\"top\",\"helpMessagePlacement\":\"with_label\",\"errorMessagePlacement\":\"inline\"},\"restrictions\":{\"denyEmptySubmission\":{\"enabled\":false}}},\"form_instance\":\"ff_form_instance_10_1\",\"form_id_selector\":\"fluentform_10\",\"rules\":{\"nimi\":{\"required\":{\"value\":true,\"message\":\"T\\u00e4m\\u00e4 kentt\\u00e4 on pakollinen\",\"global\":true,\"global_message\":\"T\\u00e4m\\u00e4 kentt\\u00e4 on pakollinen\"}},\"nimi_1\":{\"required\":{\"value\":true,\"message\":\"T\\u00e4m\\u00e4 kentt\\u00e4 on pakollinen\",\"global\":true,\"global_message\":\"T\\u00e4m\\u00e4 kentt\\u00e4 on pakollinen\"}},\"sposti\":{\"required\":{\"value\":true,\"message\":\"T\\u00e4m\\u00e4 kentt\\u00e4 on pakollinen\",\"global\":true,\"global_message\":\"T\\u00e4m\\u00e4 kentt\\u00e4 on pakollinen\"},\"email\":{\"value\":true,\"message\":\"T\\u00e4m\\u00e4n kent\\u00e4n tulee sis\\u00e4lt\\u00e4\\u00e4 kelvollinen s\\u00e4hk\\u00f6postiosoite\",\"global\":true,\"global_message\":\"T\\u00e4m\\u00e4n kent\\u00e4n tulee sis\\u00e4lt\\u00e4\\u00e4 kelvollinen s\\u00e4hk\\u00f6postiosoite\"}},\"pnro\":{\"required\":{\"value\":true,\"message\":\"T\\u00e4m\\u00e4 kentt\\u00e4 on pakollinen\",\"global\":true,\"global_message\":\"T\\u00e4m\\u00e4 kentt\\u00e4 on pakollinen\"},\"valid_phone_number\":{\"value\":false,\"message\":\"Phone number is not valid\",\"global\":false,\"global_message\":\"Phone number is not valid\"}},\"input_radio_1\":{\"required\":{\"value\":true,\"message\":\"T\\u00e4m\\u00e4 kentt\\u00e4 on pakollinen\",\"global_message\":\"T\\u00e4m\\u00e4 kentt\\u00e4 on pakollinen\",\"global\":true}},\"input_radio\":{\"required\":{\"value\":true,\"message\":\"T\\u00e4m\\u00e4 kentt\\u00e4 on pakollinen\",\"global_message\":\"T\\u00e4m\\u00e4 kentt\\u00e4 on pakollinen\",\"global\":true}},\"palvelumaksu\":{\"required\":{\"value\":true,\"message\":\"T\\u00e4m\\u00e4 kentt\\u00e4 on pakollinen\",\"global_message\":\"T\\u00e4m\\u00e4 kentt\\u00e4 on pakollinen\",\"global\":true}},\"palvelumaksu_1\":{\"required\":{\"value\":true,\"message\":\"T\\u00e4m\\u00e4 kentt\\u00e4 on pakollinen\",\"global_message\":\"T\\u00e4m\\u00e4 kentt\\u00e4 on pakollinen\",\"global\":true}},\"description\":{\"required\":{\"value\":false,\"message\":\"T\\u00e4m\\u00e4 kentt\\u00e4 on pakollinen\",\"global_message\":\"T\\u00e4m\\u00e4 kentt\\u00e4 on pakollinen\",\"global\":true}},\"gdpr_agreement\":{\"required\":{\"value\":true,\"message\":\"T\\u00e4m\\u00e4 kentt\\u00e4 on pakollinen\",\"global\":false,\"global_message\":\"T\\u00e4m\\u00e4 kentt\\u00e4 on pakollinen\"}}},\"debounce_time\":300};\n                            <\/script>\n            <\/div><\/div>\n\n<\/div><\/section>","protected":false},"excerpt":{"rendered":"<p>Light entrepreneur - Request an offer easily! Customer service (Mon-Fri 9-17) asiakaspalvelu@kevyesti.fi 041 311 2189 Fill in the contact form and ask for a quote!<\/p>","protected":false},"author":1,"featured_media":0,"parent":0,"menu_order":0,"comment_status":"closed","ping_status":"closed","template":"","meta":{"_kad_blocks_custom_css":"","_kad_blocks_head_custom_js":"","_kad_blocks_body_custom_js":"","_kad_blocks_footer_custom_js":"","_kad_post_transparent":"","_kad_post_title":"","_kad_post_layout":"","_kad_post_sidebar_id":"","_kad_post_content_style":"","_kad_post_vertical_padding":"","_kad_post_feature":"","_kad_post_feature_position":"","_kad_post_header":false,"_kad_post_footer":false,"_kad_post_classname":"","footnotes":""},"class_list":["post-1294","page","type-page","status-publish","hentry"],"taxonomy_info":[],"featured_image_src_large":false,"author_info":{"display_name":"Helpot Kotisivut","author_link":"https:\/\/kevyesti.fi\/en\/artikkelit\/author\/bi-helpot\/"},"comment_info":0,"_links":{"self":[{"href":"https:\/\/kevyesti.fi\/en\/wp-json\/wp\/v2\/pages\/1294","targetHints":{"allow":["GET"]}}],"collection":[{"href":"https:\/\/kevyesti.fi\/en\/wp-json\/wp\/v2\/pages"}],"about":[{"href":"https:\/\/kevyesti.fi\/en\/wp-json\/wp\/v2\/types\/page"}],"author":[{"embeddable":true,"href":"https:\/\/kevyesti.fi\/en\/wp-json\/wp\/v2\/users\/1"}],"replies":[{"embeddable":true,"href":"https:\/\/kevyesti.fi\/en\/wp-json\/wp\/v2\/comments?post=1294"}],"version-history":[{"count":1,"href":"https:\/\/kevyesti.fi\/en\/wp-json\/wp\/v2\/pages\/1294\/revisions"}],"predecessor-version":[{"id":4709,"href":"https:\/\/kevyesti.fi\/en\/wp-json\/wp\/v2\/pages\/1294\/revisions\/4709"}],"wp:attachment":[{"href":"https:\/\/kevyesti.fi\/en\/wp-json\/wp\/v2\/media?parent=1294"}],"curies":[{"name":"wp","href":"https:\/\/api.w.org\/{rel}","templated":true}]}}